{"id":3027,"date":"2019-02-15T10:27:00","date_gmt":"2019-02-15T10:27:00","guid":{"rendered":"https:\/\/anthemisvillaslefkada.gr\/villas-apartments-accommodation\/"},"modified":"2020-07-25T01:15:17","modified_gmt":"2020-07-24T22:15:17","slug":"villas-apartments-accommodation","status":"publish","type":"page","link":"https:\/\/anthemisvillaslefkada.gr\/it\/villas-apartments-accommodation\/","title":{"rendered":"Alloggio"},"content":{"rendered":"\n<div class=\"section-heading\">\n<h2 class=\"section-title\">Ville e appartamenti di lusso privati &#8220;Anthemis&#8221;, Lefkada<\/h2>\n<p class=\"section-subtitle\">Descrizione dell&#8217;alloggio<\/p>\t\t\t\t\n<\/div>\n\n\n\n<p>Le tre ville distaccate e lussuose si trovano in un giardino verdeggiante pieno di una variet\u00e0 di alberi e fiori locali. Le due ville pi\u00f9 grandi, &#8220;Ioanna&#8221; e &#8220;Sonia, possono ospitare 8 persone ciascuna, mentre la terza villa,&#8221; Vassiliki &#8220;, pu\u00f2 ospitare 6 persone, tutte con piscina privata.<\/p>\n\n\n\n<p> Tutte le ville offrono un parcheggio e un barbecue privato, offrendo ai nostri ospiti un senso di autonomia, massimizzando al contempo l&#8217;ospitalit\u00e0 e il lusso durante le loro vacanze.<\/p>\n\n\n\n<p><\/p>\n","protected":false},"excerpt":{"rendered":"<p>Ville e appartamenti di lusso privati &#8220;Anthemis&#8221;, Lefkada Descrizione dell&#8217;alloggio Le tre ville distaccate e lussuose si trovano in un giardino verdeggiante pieno di una variet\u00e0 di alberi e fiori locali. Le due ville pi\u00f9 grandi, &#8220;Ioanna&#8221; e &#8220;Sonia, possono ospitare 8 persone ciascuna, mentre la terza villa,&#8221; Vassiliki &#8220;, pu\u00f2 ospitare 6 persone, tutte [&hellip;]<\/p>\n","protected":false},"author":1,"featured_media":3029,"parent":0,"menu_order":0,"comment_status":"closed","ping_status":"closed","template":"","meta":{"footnotes":""},"class_list":["post-3027","page","type-page","status-publish","has-post-thumbnail","hentry"],"yoast_head":"<!-- This site is optimized with the Yoast SEO plugin v23.4 - https:\/\/yoast.com\/wordpress\/plugins\/seo\/ -->\n<title>Alloggio | Villas \u00e0 Lefkada, Villas \u00e0 louer, Villas \u00e0 Lefkada, Vacances \u00e0 Lefkada | Villas Anthemis<\/title>\n<meta name=\"robots\" content=\"index, follow, max-snippet:-1, max-image-preview:large, max-video-preview:-1\" \/>\n<link rel=\"canonical\" href=\"https:\/\/anthemisvillaslefkada.gr\/it\/villas-apartments-accommodation\/\" \/>\n<meta property=\"og:locale\" content=\"it_IT\" \/>\n<meta property=\"og:type\" content=\"article\" \/>\n<meta property=\"og:title\" content=\"Alloggio | Villas \u00e0 Lefkada, Villas \u00e0 louer, Villas \u00e0 Lefkada, Vacances \u00e0 Lefkada | Villas Anthemis\" \/>\n<meta property=\"og:url\" content=\"https:\/\/anthemisvillaslefkada.gr\/it\/villas-apartments-accommodation\/\" \/>\n<meta property=\"og:site_name\" content=\"Villas \u00e0 Lefkada, Villas \u00e0 louer, Villas \u00e0 Lefkada, Vacances \u00e0 Lefkada | Villas Anthemis\" \/>\n<meta property=\"article:publisher\" content=\"https:\/\/www.facebook.com\/anthemisvillaslefkada\/\" \/>\n<meta property=\"article:modified_time\" content=\"2020-07-24T22:15:17+00:00\" \/>\n<meta property=\"og:image\" content=\"https:\/\/anthemisvillaslefkada.gr\/wp-content\/uploads\/2020\/02\/Anthemis-Villas-Apartments-Lefkada-2-1-scaled.jpg\" \/>\n\t<meta property=\"og:image:width\" content=\"2560\" \/>\n\t<meta property=\"og:image:height\" content=\"1707\" \/>\n\t<meta property=\"og:image:type\" content=\"image\/jpeg\" \/>\n<meta name=\"twitter:card\" content=\"summary_large_image\" \/>\n<script type=\"application\/ld+json\" class=\"yoast-schema-graph\">{\"@context\":\"https:\/\/schema.org\",\"@graph\":[{\"@type\":\"WebPage\",\"@id\":\"https:\/\/anthemisvillaslefkada.gr\/it\/villas-apartments-accommodation\/\",\"url\":\"https:\/\/anthemisvillaslefkada.gr\/it\/villas-apartments-accommodation\/\",\"name\":\"Alloggio | Villas \u00e0 Lefkada, Villas \u00e0 louer, Villas \u00e0 Lefkada, Vacances \u00e0 Lefkada | Villas Anthemis\",\"isPartOf\":{\"@id\":\"https:\/\/anthemisvillaslefkada.gr\/el\/#website\"},\"primaryImageOfPage\":{\"@id\":\"https:\/\/anthemisvillaslefkada.gr\/it\/villas-apartments-accommodation\/#primaryimage\"},\"image\":{\"@id\":\"https:\/\/anthemisvillaslefkada.gr\/it\/villas-apartments-accommodation\/#primaryimage\"},\"thumbnailUrl\":\"https:\/\/anthemisvillaslefkada.gr\/wp-content\/uploads\/2020\/02\/Anthemis-Villas-Apartments-Lefkada-2-1-scaled.jpg\",\"datePublished\":\"2019-02-15T10:27:00+00:00\",\"dateModified\":\"2020-07-24T22:15:17+00:00\",\"breadcrumb\":{\"@id\":\"https:\/\/anthemisvillaslefkada.gr\/it\/villas-apartments-accommodation\/#breadcrumb\"},\"inLanguage\":\"it-IT\",\"potentialAction\":[{\"@type\":\"ReadAction\",\"target\":[\"https:\/\/anthemisvillaslefkada.gr\/it\/villas-apartments-accommodation\/\"]}]},{\"@type\":\"ImageObject\",\"inLanguage\":\"it-IT\",\"@id\":\"https:\/\/anthemisvillaslefkada.gr\/it\/villas-apartments-accommodation\/#primaryimage\",\"url\":\"https:\/\/anthemisvillaslefkada.gr\/wp-content\/uploads\/2020\/02\/Anthemis-Villas-Apartments-Lefkada-2-1-scaled.jpg\",\"contentUrl\":\"https:\/\/anthemisvillaslefkada.gr\/wp-content\/uploads\/2020\/02\/Anthemis-Villas-Apartments-Lefkada-2-1-scaled.jpg\",\"width\":2560,\"height\":1707},{\"@type\":\"BreadcrumbList\",\"@id\":\"https:\/\/anthemisvillaslefkada.gr\/it\/villas-apartments-accommodation\/#breadcrumb\",\"itemListElement\":[{\"@type\":\"ListItem\",\"position\":1,\"name\":\"Home\",\"item\":\"https:\/\/anthemisvillaslefkada.gr\/it\/\"},{\"@type\":\"ListItem\",\"position\":2,\"name\":\"Alloggio\"}]},{\"@type\":\"WebSite\",\"@id\":\"https:\/\/anthemisvillaslefkada.gr\/el\/#website\",\"url\":\"https:\/\/anthemisvillaslefkada.gr\/el\/\",\"name\":\"Villas \u00e0 Lefkada, Villas \u00e0 louer, Villas \u00e0 Lefkada, Vacances \u00e0 Lefkada | Villas Anthemis\",\"description\":\"H\u00e9bergement \u00e0 Lefkada\",\"publisher\":{\"@id\":\"https:\/\/anthemisvillaslefkada.gr\/el\/#organization\"},\"potentialAction\":[{\"@type\":\"SearchAction\",\"target\":{\"@type\":\"EntryPoint\",\"urlTemplate\":\"https:\/\/anthemisvillaslefkada.gr\/el\/?s={search_term_string}\"},\"query-input\":{\"@type\":\"PropertyValueSpecification\",\"valueRequired\":true,\"valueName\":\"search_term_string\"}}],\"inLanguage\":\"it-IT\"},{\"@type\":\"Organization\",\"@id\":\"https:\/\/anthemisvillaslefkada.gr\/el\/#organization\",\"name\":\"Anthemis Villas\",\"url\":\"https:\/\/anthemisvillaslefkada.gr\/el\/\",\"logo\":{\"@type\":\"ImageObject\",\"inLanguage\":\"it-IT\",\"@id\":\"https:\/\/anthemisvillaslefkada.gr\/el\/#\/schema\/logo\/image\/\",\"url\":\"https:\/\/anthemisvillaslefkada.gr\/wp-content\/uploads\/2020\/05\/Anthemis-Villas-Lefkada-Logo.png\",\"contentUrl\":\"https:\/\/anthemisvillaslefkada.gr\/wp-content\/uploads\/2020\/05\/Anthemis-Villas-Lefkada-Logo.png\",\"width\":210,\"height\":63,\"caption\":\"Anthemis Villas\"},\"image\":{\"@id\":\"https:\/\/anthemisvillaslefkada.gr\/el\/#\/schema\/logo\/image\/\"},\"sameAs\":[\"https:\/\/www.facebook.com\/anthemisvillaslefkada\/\",\"https:\/\/www.instagram.com\/anthemisluxuryvillas\/\",\"https:\/\/www.youtube.com\/channel\/UCE4gYh2FnnfT2hil23JgglA\"]}]}<\/script>\n<!-- \/ Yoast SEO plugin. -->","yoast_head_json":{"title":"Alloggio | Villas \u00e0 Lefkada, Villas \u00e0 louer, Villas \u00e0 Lefkada, Vacances \u00e0 Lefkada | Villas Anthemis","robots":{"index":"index","follow":"follow","max-snippet":"max-snippet:-1","max-image-preview":"max-image-preview:large","max-video-preview":"max-video-preview:-1"},"canonical":"https:\/\/anthemisvillaslefkada.gr\/it\/villas-apartments-accommodation\/","og_locale":"it_IT","og_type":"article","og_title":"Alloggio | Villas \u00e0 Lefkada, Villas \u00e0 louer, Villas \u00e0 Lefkada, Vacances \u00e0 Lefkada | Villas Anthemis","og_url":"https:\/\/anthemisvillaslefkada.gr\/it\/villas-apartments-accommodation\/","og_site_name":"Villas \u00e0 Lefkada, Villas \u00e0 louer, Villas \u00e0 Lefkada, Vacances \u00e0 Lefkada | Villas Anthemis","article_publisher":"https:\/\/www.facebook.com\/anthemisvillaslefkada\/","article_modified_time":"2020-07-24T22:15:17+00:00","og_image":[{"width":2560,"height":1707,"url":"https:\/\/anthemisvillaslefkada.gr\/wp-content\/uploads\/2020\/02\/Anthemis-Villas-Apartments-Lefkada-2-1-scaled.jpg","type":"image\/jpeg"}],"twitter_card":"summary_large_image","schema":{"@context":"https:\/\/schema.org","@graph":[{"@type":"WebPage","@id":"https:\/\/anthemisvillaslefkada.gr\/it\/villas-apartments-accommodation\/","url":"https:\/\/anthemisvillaslefkada.gr\/it\/villas-apartments-accommodation\/","name":"Alloggio | Villas \u00e0 Lefkada, Villas \u00e0 louer, Villas \u00e0 Lefkada, Vacances \u00e0 Lefkada | Villas Anthemis","isPartOf":{"@id":"https:\/\/anthemisvillaslefkada.gr\/el\/#website"},"primaryImageOfPage":{"@id":"https:\/\/anthemisvillaslefkada.gr\/it\/villas-apartments-accommodation\/#primaryimage"},"image":{"@id":"https:\/\/anthemisvillaslefkada.gr\/it\/villas-apartments-accommodation\/#primaryimage"},"thumbnailUrl":"https:\/\/anthemisvillaslefkada.gr\/wp-content\/uploads\/2020\/02\/Anthemis-Villas-Apartments-Lefkada-2-1-scaled.jpg","datePublished":"2019-02-15T10:27:00+00:00","dateModified":"2020-07-24T22:15:17+00:00","breadcrumb":{"@id":"https:\/\/anthemisvillaslefkada.gr\/it\/villas-apartments-accommodation\/#breadcrumb"},"inLanguage":"it-IT","potentialAction":[{"@type":"ReadAction","target":["https:\/\/anthemisvillaslefkada.gr\/it\/villas-apartments-accommodation\/"]}]},{"@type":"ImageObject","inLanguage":"it-IT","@id":"https:\/\/anthemisvillaslefkada.gr\/it\/villas-apartments-accommodation\/#primaryimage","url":"https:\/\/anthemisvillaslefkada.gr\/wp-content\/uploads\/2020\/02\/Anthemis-Villas-Apartments-Lefkada-2-1-scaled.jpg","contentUrl":"https:\/\/anthemisvillaslefkada.gr\/wp-content\/uploads\/2020\/02\/Anthemis-Villas-Apartments-Lefkada-2-1-scaled.jpg","width":2560,"height":1707},{"@type":"BreadcrumbList","@id":"https:\/\/anthemisvillaslefkada.gr\/it\/villas-apartments-accommodation\/#breadcrumb","itemListElement":[{"@type":"ListItem","position":1,"name":"Home","item":"https:\/\/anthemisvillaslefkada.gr\/it\/"},{"@type":"ListItem","position":2,"name":"Alloggio"}]},{"@type":"WebSite","@id":"https:\/\/anthemisvillaslefkada.gr\/el\/#website","url":"https:\/\/anthemisvillaslefkada.gr\/el\/","name":"Villas \u00e0 Lefkada, Villas \u00e0 louer, Villas \u00e0 Lefkada, Vacances \u00e0 Lefkada | Villas Anthemis","description":"H\u00e9bergement \u00e0 Lefkada","publisher":{"@id":"https:\/\/anthemisvillaslefkada.gr\/el\/#organization"},"potentialAction":[{"@type":"SearchAction","target":{"@type":"EntryPoint","urlTemplate":"https:\/\/anthemisvillaslefkada.gr\/el\/?s={search_term_string}"},"query-input":{"@type":"PropertyValueSpecification","valueRequired":true,"valueName":"search_term_string"}}],"inLanguage":"it-IT"},{"@type":"Organization","@id":"https:\/\/anthemisvillaslefkada.gr\/el\/#organization","name":"Anthemis Villas","url":"https:\/\/anthemisvillaslefkada.gr\/el\/","logo":{"@type":"ImageObject","inLanguage":"it-IT","@id":"https:\/\/anthemisvillaslefkada.gr\/el\/#\/schema\/logo\/image\/","url":"https:\/\/anthemisvillaslefkada.gr\/wp-content\/uploads\/2020\/05\/Anthemis-Villas-Lefkada-Logo.png","contentUrl":"https:\/\/anthemisvillaslefkada.gr\/wp-content\/uploads\/2020\/05\/Anthemis-Villas-Lefkada-Logo.png","width":210,"height":63,"caption":"Anthemis Villas"},"image":{"@id":"https:\/\/anthemisvillaslefkada.gr\/el\/#\/schema\/logo\/image\/"},"sameAs":["https:\/\/www.facebook.com\/anthemisvillaslefkada\/","https:\/\/www.instagram.com\/anthemisluxuryvillas\/","https:\/\/www.youtube.com\/channel\/UCE4gYh2FnnfT2hil23JgglA"]}]}},"_links":{"self":[{"href":"https:\/\/anthemisvillaslefkada.gr\/it\/wp-json\/wp\/v2\/pages\/3027","targetHints":{"allow":["GET"]}}],"collection":[{"href":"https:\/\/anthemisvillaslefkada.gr\/it\/wp-json\/wp\/v2\/pages"}],"about":[{"href":"https:\/\/anthemisvillaslefkada.gr\/it\/wp-json\/wp\/v2\/types\/page"}],"author":[{"embeddable":true,"href":"https:\/\/anthemisvillaslefkada.gr\/it\/wp-json\/wp\/v2\/users\/1"}],"replies":[{"embeddable":true,"href":"https:\/\/anthemisvillaslefkada.gr\/it\/wp-json\/wp\/v2\/comments?post=3027"}],"version-history":[{"count":0,"href":"https:\/\/anthemisvillaslefkada.gr\/it\/wp-json\/wp\/v2\/pages\/3027\/revisions"}],"wp:featuredmedia":[{"embeddable":true,"href":"https:\/\/anthemisvillaslefkada.gr\/it\/wp-json\/wp\/v2\/media\/3029"}],"wp:attachment":[{"href":"https:\/\/anthemisvillaslefkada.gr\/it\/wp-json\/wp\/v2\/media?parent=3027"}],"curies":[{"name":"wp","href":"https:\/\/api.w.org\/{rel}","templated":true}]}}