{"id":3083,"date":"2019-02-15T13:06:23","date_gmt":"2019-02-15T13:06:23","guid":{"rendered":"https:\/\/anthemisvillaslefkada.gr\/contact\/"},"modified":"2020-07-07T00:09:09","modified_gmt":"2020-07-06T21:09:09","slug":"contact","status":"publish","type":"page","link":"https:\/\/anthemisvillaslefkada.gr\/fr\/contact\/","title":{"rendered":"Contactez"},"content":{"rendered":"\n<div class=\"section-heading\">\n<h2 class=\"section-title\">Lefkada Luxury Villas &#038; Apartments \u201cAnthemis\u201d<\/h2>\n<p class=\"section-subtitle\">Informations de contact<\/p>\n<\/div>\n<h3>Notre adresse<\/h3>\n&nbsp;\n<ul class=\"ci-contact-widget-items\"><li class=\"ci-contact-widget-item\"><i class=\"fas fa-map-marker-alt\"><\/i> Anthemis Villas, Kariotes 31100,<br> Lefkada, Gr\u00e8ce<\/li><li class=\"ci-contact-widget-item\"><i class=\"fas fa-phone\"><\/i> +30 26450 72228 <\/li><li class=\"ci-contact-widget-item\"><i class=\"fas fa-envelope\"><\/i> info@anthemisvillaslefkada.gr<\/li><li class=\"ci-contact-widget-item\"><i class=\"fas fa-envelope\"><\/i> anthemisvillas@gmail.com<\/li><li class=\"ci-contact-widget-item\"><i class=\"fas fa-map-marked\"><\/i> Coordonn\u00e9es Google: 38.800694, 20.715139<\/li><\/ul>\n<h3>Retrouvez-nous sur la carte<\/h3>\n\n&nbsp;\n<iframe loading=\"lazy\" src=\"https:\/\/www.google.com\/maps\/embed?pb=!1m18!1m12!1m3!1d3109.386591540511!2d20.712950215347472!3d38.80069437958572!2m3!1f0!2f0!3f0!3m2!1i1024!2i768!4f13.1!3m3!1m2!1s0x0%3A0x0!2zMzjCsDQ4JzAyLjUiTiAyMMKwNDInNTQuNSJF!5e0!3m2!1sen!2sgr!4v1581262947225!5m2!1sen!2sgr\" width=\"100%\" height=\"500\" frameborder=\"0\" style=\"border:0;\" allowfullscreen=\"\"><\/iframe><\/p>\n<h3>Formulaire de contact<\/h3>\n&nbsp;\n\n<div class=\"wpcf7 no-js\" id=\"wpcf7-f3146-o1\" lang=\"en-US\" dir=\"ltr\">\n<div class=\"screen-reader-response\"><p role=\"status\" aria-live=\"polite\" aria-atomic=\"true\"><\/p> <ul><\/ul><\/div>\n<form action=\"\/fr\/wp-json\/wp\/v2\/pages\/3083#wpcf7-f3146-o1\" method=\"post\" class=\"wpcf7-form init\" aria-label=\"Contact form\" novalidate=\"novalidate\" data-status=\"init\">\n<div style=\"display: none;\">\n<input type=\"hidden\" name=\"_wpcf7\" value=\"3146\" \/>\n<input type=\"hidden\" name=\"_wpcf7_version\" value=\"5.9.8\" \/>\n<input type=\"hidden\" name=\"_wpcf7_locale\" value=\"en_US\" \/>\n<input type=\"hidden\" name=\"_wpcf7_unit_tag\" value=\"wpcf7-f3146-o1\" \/>\n<input type=\"hidden\" name=\"_wpcf7_container_post\" value=\"0\" \/>\n<input type=\"hidden\" name=\"_wpcf7_posted_data_hash\" value=\"\" \/>\n<input type=\"hidden\" name=\"_wpcf7_recaptcha_response\" value=\"\" \/>\n<\/div>\n<p><label>votre nom <\/label><span class=\"wpcf7-form-control-wrap\" data-name=\"your-name\"><input size=\"40\" maxlength=\"400\" class=\"wpcf7-form-control wpcf7-text wpcf7-validates-as-required\" aria-required=\"true\" aria-invalid=\"false\" value=\"\" type=\"text\" name=\"your-name\" \/><\/span>\n<\/p>\n<p><label>Your Email <\/label><span class=\"wpcf7-form-control-wrap\" data-name=\"your-email\"><input size=\"40\" maxlength=\"400\" class=\"wpcf7-form-control wpcf7-email wpcf7-validates-as-required wpcf7-text wpcf7-validates-as-email\" aria-required=\"true\" aria-invalid=\"false\" value=\"\" type=\"email\" name=\"your-email\" \/><\/span>\n<\/p>\n<p><label>Votre T\u00e9l <\/label><span class=\"wpcf7-form-control-wrap\" data-name=\"tel-402\"><input size=\"40\" maxlength=\"400\" class=\"wpcf7-form-control wpcf7-tel wpcf7-validates-as-required wpcf7-text wpcf7-validates-as-tel\" aria-required=\"true\" aria-invalid=\"false\" value=\"\" type=\"tel\" name=\"tel-402\" \/><\/span>\n<\/p>\n<p><label>Mati\u00e8re <\/label><span class=\"wpcf7-form-control-wrap\" data-name=\"your-subject\"><input size=\"40\" maxlength=\"400\" class=\"wpcf7-form-control wpcf7-text wpcf7-validates-as-required\" aria-required=\"true\" aria-invalid=\"false\" value=\"\" type=\"text\" name=\"your-subject\" \/><\/span>\n<\/p>\n<p><label>Votre message <\/label><span class=\"wpcf7-form-control-wrap\" data-name=\"your-message\"><textarea cols=\"40\" rows=\"10\" maxlength=\"2000\" class=\"wpcf7-form-control wpcf7-textarea wpcf7-validates-as-required\" aria-required=\"true\" aria-invalid=\"false\" name=\"your-message\"><\/textarea><\/span>\n<\/p>\n<p><span class=\"wpcf7-form-control-wrap\" data-name=\"acceptance-54\"><span class=\"wpcf7-form-control wpcf7-acceptance\"><span class=\"wpcf7-list-item\"><label><input type=\"checkbox\" name=\"acceptance-54\" value=\"1\" aria-invalid=\"false\" \/><span class=\"wpcf7-list-item-label\">J'ai lu et j'accepte les conditions <a href=\"https:\/\/anthemisvillaslefkada.gr\/privacy-policy-cookies\" target=\"_blank\">Politique de confidentialit\u00e9 et cookies<\/a><\/span><\/label><\/span><\/span><\/span>\n<\/p>\n<span class=\"wpcf7-form-control-wrap recaptcha\" data-name=\"recaptcha\"><span data-sitekey=\"6LeR9D4jAAAAANZ69qkrpTGCLFrUQwnCPyVdxh9Z\" class=\"wpcf7-form-control wpcf7-recaptcha g-recaptcha\"><\/span>\r\n<noscript>\r\n\t<div class=\"grecaptcha-noscript\">\r\n\t\t<iframe loading=\"lazy\" src=\"https:\/\/www.google.com\/recaptcha\/api\/fallback?k=6LeR9D4jAAAAANZ69qkrpTGCLFrUQwnCPyVdxh9Z\" frameborder=\"0\" scrolling=\"no\" width=\"310\" height=\"430\">\r\n\t\t<\/iframe>\r\n\t\t<textarea name=\"g-recaptcha-response\" rows=\"3\" cols=\"40\" placeholder=\"reCaptcha Response Here\">\r\n\t\t<\/textarea>\r\n\t<\/div>\r\n<\/noscript>\r\n<\/span>\n<p>&nbsp;<br \/>\n<input class=\"wpcf7-form-control wpcf7-submit has-spinner\" type=\"submit\" value=\"Envoyer\" \/>\n<\/p><div class=\"wpcf7-response-output\" aria-hidden=\"true\"><\/div>\n<\/form>\n<\/div>\n\n","protected":false},"excerpt":{"rendered":"<p>Lefkada Luxury Villas &#038; Apartments \u201cAnthemis\u201d Informations de contact Notre adresse &nbsp; Anthemis Villas, Kariotes 31100, Lefkada, Gr\u00e8ce +30 26450 72228 info@anthemisvillaslefkada.gr anthemisvillas@gmail.com Coordonn\u00e9es Google: 38.800694, 20.715139 Retrouvez-nous sur la carte &nbsp; Formulaire de contact &nbsp;<\/p>\n","protected":false},"author":1,"featured_media":0,"parent":0,"menu_order":0,"comment_status":"closed","ping_status":"closed","template":"","meta":{"footnotes":""},"class_list":["post-3083","page","type-page","status-publish","hentry"],"yoast_head":"<!-- This site is optimized with the Yoast SEO plugin v23.4 - https:\/\/yoast.com\/wordpress\/plugins\/seo\/ -->\n<title>Contactez | Vile \u00een Lefkada, V\u00e2nz\u0103ri de \u00eenchiriat, Vile Lefkada, S\u0103rb\u0103tori \u00een Lefkada | Vile de imn<\/title>\n<meta name=\"robots\" content=\"index, follow, max-snippet:-1, max-image-preview:large, max-video-preview:-1\" \/>\n<link rel=\"canonical\" href=\"https:\/\/anthemisvillaslefkada.gr\/fr\/contact\/\" \/>\n<meta property=\"og:locale\" content=\"fr_FR\" \/>\n<meta property=\"og:type\" content=\"article\" \/>\n<meta property=\"og:title\" content=\"Contactez | Vile \u00een Lefkada, V\u00e2nz\u0103ri de \u00eenchiriat, Vile Lefkada, S\u0103rb\u0103tori \u00een Lefkada | Vile de imn\" \/>\n<meta property=\"og:url\" content=\"https:\/\/anthemisvillaslefkada.gr\/fr\/contact\/\" \/>\n<meta property=\"og:site_name\" content=\"Vile \u00een Lefkada, V\u00e2nz\u0103ri de \u00eenchiriat, Vile Lefkada, S\u0103rb\u0103tori \u00een Lefkada | Vile de imn\" \/>\n<meta property=\"article:publisher\" content=\"https:\/\/www.facebook.com\/anthemisvillaslefkada\/\" \/>\n<meta property=\"article:modified_time\" content=\"2020-07-06T21:09:09+00:00\" \/>\n<meta property=\"og:image\" content=\"https:\/\/anthemisvillaslefkada.gr\/wp-content\/uploads\/2020\/02\/Anthemis-Luxury-Villas-Lefkada-Slider-2-2.jpg\" \/>\n\t<meta property=\"og:image:width\" content=\"1920\" \/>\n\t<meta property=\"og:image:height\" content=\"850\" \/>\n\t<meta property=\"og:image:type\" content=\"image\/jpeg\" \/>\n<meta name=\"twitter:card\" content=\"summary_large_image\" \/>\n<script type=\"application\/ld+json\" class=\"yoast-schema-graph\">{\"@context\":\"https:\/\/schema.org\",\"@graph\":[{\"@type\":\"WebPage\",\"@id\":\"https:\/\/anthemisvillaslefkada.gr\/fr\/contact\/\",\"url\":\"https:\/\/anthemisvillaslefkada.gr\/fr\/contact\/\",\"name\":\"Contactez | Vile \u00een Lefkada, V\u00e2nz\u0103ri de \u00eenchiriat, Vile Lefkada, S\u0103rb\u0103tori \u00een Lefkada | Vile de imn\",\"isPartOf\":{\"@id\":\"https:\/\/anthemisvillaslefkada.gr\/el\/#website\"},\"datePublished\":\"2019-02-15T13:06:23+00:00\",\"dateModified\":\"2020-07-06T21:09:09+00:00\",\"breadcrumb\":{\"@id\":\"https:\/\/anthemisvillaslefkada.gr\/fr\/contact\/#breadcrumb\"},\"inLanguage\":\"fr-FR\",\"potentialAction\":[{\"@type\":\"ReadAction\",\"target\":[\"https:\/\/anthemisvillaslefkada.gr\/fr\/contact\/\"]}]},{\"@type\":\"BreadcrumbList\",\"@id\":\"https:\/\/anthemisvillaslefkada.gr\/fr\/contact\/#breadcrumb\",\"itemListElement\":[{\"@type\":\"ListItem\",\"position\":1,\"name\":\"Home\",\"item\":\"https:\/\/anthemisvillaslefkada.gr\/fr\/\"},{\"@type\":\"ListItem\",\"position\":2,\"name\":\"Contactez\"}]},{\"@type\":\"WebSite\",\"@id\":\"https:\/\/anthemisvillaslefkada.gr\/el\/#website\",\"url\":\"https:\/\/anthemisvillaslefkada.gr\/el\/\",\"name\":\"Vile \u00een Lefkada, V\u00e2nz\u0103ri de \u00eenchiriat, Vile Lefkada, S\u0103rb\u0103tori \u00een Lefkada | Vile de imn\",\"description\":\"Cazare \u00een Lefkada\",\"publisher\":{\"@id\":\"https:\/\/anthemisvillaslefkada.gr\/el\/#organization\"},\"potentialAction\":[{\"@type\":\"SearchAction\",\"target\":{\"@type\":\"EntryPoint\",\"urlTemplate\":\"https:\/\/anthemisvillaslefkada.gr\/el\/?s={search_term_string}\"},\"query-input\":{\"@type\":\"PropertyValueSpecification\",\"valueRequired\":true,\"valueName\":\"search_term_string\"}}],\"inLanguage\":\"fr-FR\"},{\"@type\":\"Organization\",\"@id\":\"https:\/\/anthemisvillaslefkada.gr\/el\/#organization\",\"name\":\"Anthemis Villas\",\"url\":\"https:\/\/anthemisvillaslefkada.gr\/el\/\",\"logo\":{\"@type\":\"ImageObject\",\"inLanguage\":\"fr-FR\",\"@id\":\"https:\/\/anthemisvillaslefkada.gr\/el\/#\/schema\/logo\/image\/\",\"url\":\"https:\/\/anthemisvillaslefkada.gr\/wp-content\/uploads\/2020\/05\/Anthemis-Villas-Lefkada-Logo.png\",\"contentUrl\":\"https:\/\/anthemisvillaslefkada.gr\/wp-content\/uploads\/2020\/05\/Anthemis-Villas-Lefkada-Logo.png\",\"width\":210,\"height\":63,\"caption\":\"Anthemis Villas\"},\"image\":{\"@id\":\"https:\/\/anthemisvillaslefkada.gr\/el\/#\/schema\/logo\/image\/\"},\"sameAs\":[\"https:\/\/www.facebook.com\/anthemisvillaslefkada\/\",\"https:\/\/www.instagram.com\/anthemisluxuryvillas\/\",\"https:\/\/www.youtube.com\/channel\/UCE4gYh2FnnfT2hil23JgglA\"]}]}<\/script>\n<!-- \/ Yoast SEO plugin. -->","yoast_head_json":{"title":"Contactez | Vile \u00een Lefkada, V\u00e2nz\u0103ri de \u00eenchiriat, Vile Lefkada, S\u0103rb\u0103tori \u00een Lefkada | Vile de imn","robots":{"index":"index","follow":"follow","max-snippet":"max-snippet:-1","max-image-preview":"max-image-preview:large","max-video-preview":"max-video-preview:-1"},"canonical":"https:\/\/anthemisvillaslefkada.gr\/fr\/contact\/","og_locale":"fr_FR","og_type":"article","og_title":"Contactez | Vile \u00een Lefkada, V\u00e2nz\u0103ri de \u00eenchiriat, Vile Lefkada, S\u0103rb\u0103tori \u00een Lefkada | Vile de imn","og_url":"https:\/\/anthemisvillaslefkada.gr\/fr\/contact\/","og_site_name":"Vile \u00een Lefkada, V\u00e2nz\u0103ri de \u00eenchiriat, Vile Lefkada, S\u0103rb\u0103tori \u00een Lefkada | Vile de imn","article_publisher":"https:\/\/www.facebook.com\/anthemisvillaslefkada\/","article_modified_time":"2020-07-06T21:09:09+00:00","og_image":[{"width":1920,"height":850,"url":"https:\/\/anthemisvillaslefkada.gr\/wp-content\/uploads\/2020\/02\/Anthemis-Luxury-Villas-Lefkada-Slider-2-2.jpg","type":"image\/jpeg"}],"twitter_card":"summary_large_image","schema":{"@context":"https:\/\/schema.org","@graph":[{"@type":"WebPage","@id":"https:\/\/anthemisvillaslefkada.gr\/fr\/contact\/","url":"https:\/\/anthemisvillaslefkada.gr\/fr\/contact\/","name":"Contactez | Vile \u00een Lefkada, V\u00e2nz\u0103ri de \u00eenchiriat, Vile Lefkada, S\u0103rb\u0103tori \u00een Lefkada | Vile de imn","isPartOf":{"@id":"https:\/\/anthemisvillaslefkada.gr\/el\/#website"},"datePublished":"2019-02-15T13:06:23+00:00","dateModified":"2020-07-06T21:09:09+00:00","breadcrumb":{"@id":"https:\/\/anthemisvillaslefkada.gr\/fr\/contact\/#breadcrumb"},"inLanguage":"fr-FR","potentialAction":[{"@type":"ReadAction","target":["https:\/\/anthemisvillaslefkada.gr\/fr\/contact\/"]}]},{"@type":"BreadcrumbList","@id":"https:\/\/anthemisvillaslefkada.gr\/fr\/contact\/#breadcrumb","itemListElement":[{"@type":"ListItem","position":1,"name":"Home","item":"https:\/\/anthemisvillaslefkada.gr\/fr\/"},{"@type":"ListItem","position":2,"name":"Contactez"}]},{"@type":"WebSite","@id":"https:\/\/anthemisvillaslefkada.gr\/el\/#website","url":"https:\/\/anthemisvillaslefkada.gr\/el\/","name":"Vile \u00een Lefkada, V\u00e2nz\u0103ri de \u00eenchiriat, Vile Lefkada, S\u0103rb\u0103tori \u00een Lefkada | Vile de imn","description":"Cazare \u00een Lefkada","publisher":{"@id":"https:\/\/anthemisvillaslefkada.gr\/el\/#organization"},"potentialAction":[{"@type":"SearchAction","target":{"@type":"EntryPoint","urlTemplate":"https:\/\/anthemisvillaslefkada.gr\/el\/?s={search_term_string}"},"query-input":{"@type":"PropertyValueSpecification","valueRequired":true,"valueName":"search_term_string"}}],"inLanguage":"fr-FR"},{"@type":"Organization","@id":"https:\/\/anthemisvillaslefkada.gr\/el\/#organization","name":"Anthemis Villas","url":"https:\/\/anthemisvillaslefkada.gr\/el\/","logo":{"@type":"ImageObject","inLanguage":"fr-FR","@id":"https:\/\/anthemisvillaslefkada.gr\/el\/#\/schema\/logo\/image\/","url":"https:\/\/anthemisvillaslefkada.gr\/wp-content\/uploads\/2020\/05\/Anthemis-Villas-Lefkada-Logo.png","contentUrl":"https:\/\/anthemisvillaslefkada.gr\/wp-content\/uploads\/2020\/05\/Anthemis-Villas-Lefkada-Logo.png","width":210,"height":63,"caption":"Anthemis Villas"},"image":{"@id":"https:\/\/anthemisvillaslefkada.gr\/el\/#\/schema\/logo\/image\/"},"sameAs":["https:\/\/www.facebook.com\/anthemisvillaslefkada\/","https:\/\/www.instagram.com\/anthemisluxuryvillas\/","https:\/\/www.youtube.com\/channel\/UCE4gYh2FnnfT2hil23JgglA"]}]}},"_links":{"self":[{"href":"https:\/\/anthemisvillaslefkada.gr\/fr\/wp-json\/wp\/v2\/pages\/3083","targetHints":{"allow":["GET"]}}],"collection":[{"href":"https:\/\/anthemisvillaslefkada.gr\/fr\/wp-json\/wp\/v2\/pages"}],"about":[{"href":"https:\/\/anthemisvillaslefkada.gr\/fr\/wp-json\/wp\/v2\/types\/page"}],"author":[{"embeddable":true,"href":"https:\/\/anthemisvillaslefkada.gr\/fr\/wp-json\/wp\/v2\/users\/1"}],"replies":[{"embeddable":true,"href":"https:\/\/anthemisvillaslefkada.gr\/fr\/wp-json\/wp\/v2\/comments?post=3083"}],"version-history":[{"count":0,"href":"https:\/\/anthemisvillaslefkada.gr\/fr\/wp-json\/wp\/v2\/pages\/3083\/revisions"}],"wp:attachment":[{"href":"https:\/\/anthemisvillaslefkada.gr\/fr\/wp-json\/wp\/v2\/media?parent=3083"}],"curies":[{"name":"wp","href":"https:\/\/api.w.org\/{rel}","templated":true}]}}