{"id":3030,"date":"2019-02-15T10:27:00","date_gmt":"2019-02-15T10:27:00","guid":{"rendered":"https:\/\/anthemisvillaslefkada.gr\/villas-apartments-accommodation\/"},"modified":"2020-07-25T01:16:01","modified_gmt":"2020-07-24T22:16:01","slug":"villas-apartments-accommodation","status":"publish","type":"page","link":"https:\/\/anthemisvillaslefkada.gr\/fr\/villas-apartments-accommodation\/","title":{"rendered":"H\u00e9bergement"},"content":{"rendered":"\n<div class=\"section-heading\">\n<h2 class=\"section-title\">Anthemis Private Luxury Villas &amp; Apartments, Lefkada<\/h2>\n<p class=\"section-subtitle\">Description de l&rsquo;h\u00e9bergement<\/p>\t\t\t\t\n<\/div>\n\n\n\n<p>Les trois villas individuelles et luxueuses se trouvent dans un jardin verdoyant regorgeant d&rsquo;arbres et de fleurs locaux. Les deux plus grandes villas, \u00ab\u00a0Ioanna\u00a0\u00bb et \u00ab\u00a0Sonia, peuvent accueillir chacune 8 personnes, tandis que la troisi\u00e8me villa,\u00a0\u00bb Vassiliki \u00ab\u00a0, peut accueillir 6 personnes. Toutes les villas ont une piscine priv\u00e9e.<\/p>\n\n\n\n<p> Toutes les villas offrent une place de parking et un espace barbecue priv\u00e9, permettant \u00e0 nos clients un sentiment d&rsquo;autonomie, tout en maximisant l&rsquo;hospitalit\u00e9 et le luxe pendant leurs vacances.<\/p>\n\n\n\n<p><\/p>\n","protected":false},"excerpt":{"rendered":"<p>Anthemis Private Luxury Villas &amp; Apartments, Lefkada Description de l&rsquo;h\u00e9bergement Les trois villas individuelles et luxueuses se trouvent dans un jardin verdoyant regorgeant d&rsquo;arbres et de fleurs locaux. Les deux plus grandes villas, \u00ab\u00a0Ioanna\u00a0\u00bb et \u00ab\u00a0Sonia, peuvent accueillir chacune 8 personnes, tandis que la troisi\u00e8me villa,\u00a0\u00bb Vassiliki \u00ab\u00a0, peut accueillir 6 personnes. Toutes les villas [&hellip;]<\/p>\n","protected":false},"author":1,"featured_media":3032,"parent":0,"menu_order":0,"comment_status":"closed","ping_status":"closed","template":"","meta":{"footnotes":""},"class_list":["post-3030","page","type-page","status-publish","has-post-thumbnail","hentry"],"yoast_head":"<!-- This site is optimized with the Yoast SEO plugin v23.4 - https:\/\/yoast.com\/wordpress\/plugins\/seo\/ -->\n<title>H\u00e9bergement | Vile \u00een Lefkada, V\u00e2nz\u0103ri de \u00eenchiriat, Vile Lefkada, S\u0103rb\u0103tori \u00een Lefkada | Vile de imn<\/title>\n<meta name=\"robots\" content=\"index, follow, max-snippet:-1, max-image-preview:large, max-video-preview:-1\" \/>\n<link rel=\"canonical\" href=\"https:\/\/anthemisvillaslefkada.gr\/fr\/villas-apartments-accommodation\/\" \/>\n<meta property=\"og:locale\" content=\"fr_FR\" \/>\n<meta property=\"og:type\" content=\"article\" \/>\n<meta property=\"og:title\" content=\"H\u00e9bergement | Vile \u00een Lefkada, V\u00e2nz\u0103ri de \u00eenchiriat, Vile Lefkada, S\u0103rb\u0103tori \u00een Lefkada | Vile de imn\" \/>\n<meta property=\"og:url\" content=\"https:\/\/anthemisvillaslefkada.gr\/fr\/villas-apartments-accommodation\/\" \/>\n<meta property=\"og:site_name\" content=\"Vile \u00een Lefkada, V\u00e2nz\u0103ri de \u00eenchiriat, Vile Lefkada, S\u0103rb\u0103tori \u00een Lefkada | Vile de imn\" \/>\n<meta property=\"article:publisher\" content=\"https:\/\/www.facebook.com\/anthemisvillaslefkada\/\" \/>\n<meta property=\"article:modified_time\" content=\"2020-07-24T22:16:01+00:00\" \/>\n<meta property=\"og:image\" content=\"https:\/\/anthemisvillaslefkada.gr\/wp-content\/uploads\/2020\/02\/Anthemis-Villas-Apartments-Lefkada-2-1-scaled.jpg\" \/>\n\t<meta property=\"og:image:width\" content=\"2560\" \/>\n\t<meta property=\"og:image:height\" content=\"1707\" \/>\n\t<meta property=\"og:image:type\" content=\"image\/jpeg\" \/>\n<meta name=\"twitter:card\" content=\"summary_large_image\" \/>\n<script type=\"application\/ld+json\" class=\"yoast-schema-graph\">{\"@context\":\"https:\/\/schema.org\",\"@graph\":[{\"@type\":\"WebPage\",\"@id\":\"https:\/\/anthemisvillaslefkada.gr\/fr\/villas-apartments-accommodation\/\",\"url\":\"https:\/\/anthemisvillaslefkada.gr\/fr\/villas-apartments-accommodation\/\",\"name\":\"H\u00e9bergement | Vile \u00een Lefkada, V\u00e2nz\u0103ri de \u00eenchiriat, Vile Lefkada, S\u0103rb\u0103tori \u00een Lefkada | Vile de imn\",\"isPartOf\":{\"@id\":\"https:\/\/anthemisvillaslefkada.gr\/el\/#website\"},\"primaryImageOfPage\":{\"@id\":\"https:\/\/anthemisvillaslefkada.gr\/fr\/villas-apartments-accommodation\/#primaryimage\"},\"image\":{\"@id\":\"https:\/\/anthemisvillaslefkada.gr\/fr\/villas-apartments-accommodation\/#primaryimage\"},\"thumbnailUrl\":\"https:\/\/anthemisvillaslefkada.gr\/wp-content\/uploads\/2020\/02\/Anthemis-Villas-Apartments-Lefkada-2-1-scaled.jpg\",\"datePublished\":\"2019-02-15T10:27:00+00:00\",\"dateModified\":\"2020-07-24T22:16:01+00:00\",\"breadcrumb\":{\"@id\":\"https:\/\/anthemisvillaslefkada.gr\/fr\/villas-apartments-accommodation\/#breadcrumb\"},\"inLanguage\":\"fr-FR\",\"potentialAction\":[{\"@type\":\"ReadAction\",\"target\":[\"https:\/\/anthemisvillaslefkada.gr\/fr\/villas-apartments-accommodation\/\"]}]},{\"@type\":\"ImageObject\",\"inLanguage\":\"fr-FR\",\"@id\":\"https:\/\/anthemisvillaslefkada.gr\/fr\/villas-apartments-accommodation\/#primaryimage\",\"url\":\"https:\/\/anthemisvillaslefkada.gr\/wp-content\/uploads\/2020\/02\/Anthemis-Villas-Apartments-Lefkada-2-1-scaled.jpg\",\"contentUrl\":\"https:\/\/anthemisvillaslefkada.gr\/wp-content\/uploads\/2020\/02\/Anthemis-Villas-Apartments-Lefkada-2-1-scaled.jpg\",\"width\":2560,\"height\":1707},{\"@type\":\"BreadcrumbList\",\"@id\":\"https:\/\/anthemisvillaslefkada.gr\/fr\/villas-apartments-accommodation\/#breadcrumb\",\"itemListElement\":[{\"@type\":\"ListItem\",\"position\":1,\"name\":\"Home\",\"item\":\"https:\/\/anthemisvillaslefkada.gr\/fr\/\"},{\"@type\":\"ListItem\",\"position\":2,\"name\":\"H\u00e9bergement\"}]},{\"@type\":\"WebSite\",\"@id\":\"https:\/\/anthemisvillaslefkada.gr\/el\/#website\",\"url\":\"https:\/\/anthemisvillaslefkada.gr\/el\/\",\"name\":\"Vile \u00een Lefkada, V\u00e2nz\u0103ri de \u00eenchiriat, Vile Lefkada, S\u0103rb\u0103tori \u00een Lefkada | Vile de imn\",\"description\":\"Cazare \u00een Lefkada\",\"publisher\":{\"@id\":\"https:\/\/anthemisvillaslefkada.gr\/el\/#organization\"},\"potentialAction\":[{\"@type\":\"SearchAction\",\"target\":{\"@type\":\"EntryPoint\",\"urlTemplate\":\"https:\/\/anthemisvillaslefkada.gr\/el\/?s={search_term_string}\"},\"query-input\":{\"@type\":\"PropertyValueSpecification\",\"valueRequired\":true,\"valueName\":\"search_term_string\"}}],\"inLanguage\":\"fr-FR\"},{\"@type\":\"Organization\",\"@id\":\"https:\/\/anthemisvillaslefkada.gr\/el\/#organization\",\"name\":\"Anthemis Villas\",\"url\":\"https:\/\/anthemisvillaslefkada.gr\/el\/\",\"logo\":{\"@type\":\"ImageObject\",\"inLanguage\":\"fr-FR\",\"@id\":\"https:\/\/anthemisvillaslefkada.gr\/el\/#\/schema\/logo\/image\/\",\"url\":\"https:\/\/anthemisvillaslefkada.gr\/wp-content\/uploads\/2020\/05\/Anthemis-Villas-Lefkada-Logo.png\",\"contentUrl\":\"https:\/\/anthemisvillaslefkada.gr\/wp-content\/uploads\/2020\/05\/Anthemis-Villas-Lefkada-Logo.png\",\"width\":210,\"height\":63,\"caption\":\"Anthemis Villas\"},\"image\":{\"@id\":\"https:\/\/anthemisvillaslefkada.gr\/el\/#\/schema\/logo\/image\/\"},\"sameAs\":[\"https:\/\/www.facebook.com\/anthemisvillaslefkada\/\",\"https:\/\/www.instagram.com\/anthemisluxuryvillas\/\",\"https:\/\/www.youtube.com\/channel\/UCE4gYh2FnnfT2hil23JgglA\"]}]}<\/script>\n<!-- \/ Yoast SEO plugin. -->","yoast_head_json":{"title":"H\u00e9bergement | Vile \u00een Lefkada, V\u00e2nz\u0103ri de \u00eenchiriat, Vile Lefkada, S\u0103rb\u0103tori \u00een Lefkada | Vile de imn","robots":{"index":"index","follow":"follow","max-snippet":"max-snippet:-1","max-image-preview":"max-image-preview:large","max-video-preview":"max-video-preview:-1"},"canonical":"https:\/\/anthemisvillaslefkada.gr\/fr\/villas-apartments-accommodation\/","og_locale":"fr_FR","og_type":"article","og_title":"H\u00e9bergement | Vile \u00een Lefkada, V\u00e2nz\u0103ri de \u00eenchiriat, Vile Lefkada, S\u0103rb\u0103tori \u00een Lefkada | Vile de imn","og_url":"https:\/\/anthemisvillaslefkada.gr\/fr\/villas-apartments-accommodation\/","og_site_name":"Vile \u00een Lefkada, V\u00e2nz\u0103ri de \u00eenchiriat, Vile Lefkada, S\u0103rb\u0103tori \u00een Lefkada | Vile de imn","article_publisher":"https:\/\/www.facebook.com\/anthemisvillaslefkada\/","article_modified_time":"2020-07-24T22:16:01+00:00","og_image":[{"width":2560,"height":1707,"url":"https:\/\/anthemisvillaslefkada.gr\/wp-content\/uploads\/2020\/02\/Anthemis-Villas-Apartments-Lefkada-2-1-scaled.jpg","type":"image\/jpeg"}],"twitter_card":"summary_large_image","schema":{"@context":"https:\/\/schema.org","@graph":[{"@type":"WebPage","@id":"https:\/\/anthemisvillaslefkada.gr\/fr\/villas-apartments-accommodation\/","url":"https:\/\/anthemisvillaslefkada.gr\/fr\/villas-apartments-accommodation\/","name":"H\u00e9bergement | Vile \u00een Lefkada, V\u00e2nz\u0103ri de \u00eenchiriat, Vile Lefkada, S\u0103rb\u0103tori \u00een Lefkada | Vile de imn","isPartOf":{"@id":"https:\/\/anthemisvillaslefkada.gr\/el\/#website"},"primaryImageOfPage":{"@id":"https:\/\/anthemisvillaslefkada.gr\/fr\/villas-apartments-accommodation\/#primaryimage"},"image":{"@id":"https:\/\/anthemisvillaslefkada.gr\/fr\/villas-apartments-accommodation\/#primaryimage"},"thumbnailUrl":"https:\/\/anthemisvillaslefkada.gr\/wp-content\/uploads\/2020\/02\/Anthemis-Villas-Apartments-Lefkada-2-1-scaled.jpg","datePublished":"2019-02-15T10:27:00+00:00","dateModified":"2020-07-24T22:16:01+00:00","breadcrumb":{"@id":"https:\/\/anthemisvillaslefkada.gr\/fr\/villas-apartments-accommodation\/#breadcrumb"},"inLanguage":"fr-FR","potentialAction":[{"@type":"ReadAction","target":["https:\/\/anthemisvillaslefkada.gr\/fr\/villas-apartments-accommodation\/"]}]},{"@type":"ImageObject","inLanguage":"fr-FR","@id":"https:\/\/anthemisvillaslefkada.gr\/fr\/villas-apartments-accommodation\/#primaryimage","url":"https:\/\/anthemisvillaslefkada.gr\/wp-content\/uploads\/2020\/02\/Anthemis-Villas-Apartments-Lefkada-2-1-scaled.jpg","contentUrl":"https:\/\/anthemisvillaslefkada.gr\/wp-content\/uploads\/2020\/02\/Anthemis-Villas-Apartments-Lefkada-2-1-scaled.jpg","width":2560,"height":1707},{"@type":"BreadcrumbList","@id":"https:\/\/anthemisvillaslefkada.gr\/fr\/villas-apartments-accommodation\/#breadcrumb","itemListElement":[{"@type":"ListItem","position":1,"name":"Home","item":"https:\/\/anthemisvillaslefkada.gr\/fr\/"},{"@type":"ListItem","position":2,"name":"H\u00e9bergement"}]},{"@type":"WebSite","@id":"https:\/\/anthemisvillaslefkada.gr\/el\/#website","url":"https:\/\/anthemisvillaslefkada.gr\/el\/","name":"Vile \u00een Lefkada, V\u00e2nz\u0103ri de \u00eenchiriat, Vile Lefkada, S\u0103rb\u0103tori \u00een Lefkada | Vile de imn","description":"Cazare \u00een Lefkada","publisher":{"@id":"https:\/\/anthemisvillaslefkada.gr\/el\/#organization"},"potentialAction":[{"@type":"SearchAction","target":{"@type":"EntryPoint","urlTemplate":"https:\/\/anthemisvillaslefkada.gr\/el\/?s={search_term_string}"},"query-input":{"@type":"PropertyValueSpecification","valueRequired":true,"valueName":"search_term_string"}}],"inLanguage":"fr-FR"},{"@type":"Organization","@id":"https:\/\/anthemisvillaslefkada.gr\/el\/#organization","name":"Anthemis Villas","url":"https:\/\/anthemisvillaslefkada.gr\/el\/","logo":{"@type":"ImageObject","inLanguage":"fr-FR","@id":"https:\/\/anthemisvillaslefkada.gr\/el\/#\/schema\/logo\/image\/","url":"https:\/\/anthemisvillaslefkada.gr\/wp-content\/uploads\/2020\/05\/Anthemis-Villas-Lefkada-Logo.png","contentUrl":"https:\/\/anthemisvillaslefkada.gr\/wp-content\/uploads\/2020\/05\/Anthemis-Villas-Lefkada-Logo.png","width":210,"height":63,"caption":"Anthemis Villas"},"image":{"@id":"https:\/\/anthemisvillaslefkada.gr\/el\/#\/schema\/logo\/image\/"},"sameAs":["https:\/\/www.facebook.com\/anthemisvillaslefkada\/","https:\/\/www.instagram.com\/anthemisluxuryvillas\/","https:\/\/www.youtube.com\/channel\/UCE4gYh2FnnfT2hil23JgglA"]}]}},"_links":{"self":[{"href":"https:\/\/anthemisvillaslefkada.gr\/fr\/wp-json\/wp\/v2\/pages\/3030","targetHints":{"allow":["GET"]}}],"collection":[{"href":"https:\/\/anthemisvillaslefkada.gr\/fr\/wp-json\/wp\/v2\/pages"}],"about":[{"href":"https:\/\/anthemisvillaslefkada.gr\/fr\/wp-json\/wp\/v2\/types\/page"}],"author":[{"embeddable":true,"href":"https:\/\/anthemisvillaslefkada.gr\/fr\/wp-json\/wp\/v2\/users\/1"}],"replies":[{"embeddable":true,"href":"https:\/\/anthemisvillaslefkada.gr\/fr\/wp-json\/wp\/v2\/comments?post=3030"}],"version-history":[{"count":0,"href":"https:\/\/anthemisvillaslefkada.gr\/fr\/wp-json\/wp\/v2\/pages\/3030\/revisions"}],"wp:featuredmedia":[{"embeddable":true,"href":"https:\/\/anthemisvillaslefkada.gr\/fr\/wp-json\/wp\/v2\/media\/3032"}],"wp:attachment":[{"href":"https:\/\/anthemisvillaslefkada.gr\/fr\/wp-json\/wp\/v2\/media?parent=3030"}],"curies":[{"name":"wp","href":"https:\/\/api.w.org\/{rel}","templated":true}]}}